{"id":1184,"date":"2016-09-17T12:46:13","date_gmt":"2016-09-17T12:46:13","guid":{"rendered":"https:\/\/davidzipperle.com\/?page_id=1184"},"modified":"2024-09-04T07:11:38","modified_gmt":"2024-09-04T07:11:38","slug":"solo","status":"publish","type":"page","link":"https:\/\/davidzipperle.com\/?page_id=1184","title":{"rendered":"Solo"},"content":{"rendered":"<p>[et_pb_section fb_built=&#8220;1&#8243; custom_padding_last_edited=&#8220;on|desktop&#8220; admin_label=&#8220;section&#8220; _builder_version=&#8220;4.4.3&#8243; background_image=&#8220;https:\/\/davidzipperle.com\/wp-content\/uploads\/2020\/05\/davidavolio.com_00212_bnw-e1589569088675.jpg&#8220; parallax=&#8220;on&#8220; custom_margin=&#8220;||||false|false&#8220; custom_margin_tablet=&#8220;&#8220; custom_margin_phone=&#8220;80px||||false|false&#8220; custom_margin_last_edited=&#8220;on|desktop&#8220; custom_padding=&#8220;400px||400px||false|false&#8220; custom_padding_tablet=&#8220;&#8220; custom_padding_phone=&#8220;80px||100px||false|false&#8220;][et_pb_row column_structure=&#8220;1_2,1_2&#8243; padding_mobile=&#8220;off&#8220; column_padding_mobile=&#8220;on&#8220; admin_label=&#8220;row&#8220; _builder_version=&#8220;3.25&#8243; background_size=&#8220;initial&#8220; background_position=&#8220;top_left&#8220; background_repeat=&#8220;repeat&#8220; custom_padding=&#8220;||20px|&#8220; make_fullwidth=&#8220;off&#8220; use_custom_width=&#8220;off&#8220; width_unit=&#8220;on&#8220;][et_pb_column type=&#8220;1_2&#8243; _builder_version=&#8220;3.25&#8243; custom_padding=&#8220;|||&#8220; custom_padding__hover=&#8220;|||&#8220;][et_pb_text admin_label=&#8220;Platzhalter Paralaxe&#8220; _builder_version=&#8220;4.4.3&#8243;][\/et_pb_text][\/et_pb_column][et_pb_column type=&#8220;1_2&#8243; _builder_version=&#8220;3.25&#8243; custom_padding=&#8220;|||&#8220; custom_padding__hover=&#8220;|||&#8220;][\/et_pb_column][\/et_pb_row][\/et_pb_section][et_pb_section fb_built=&#8220;1&#8243; admin_label=&#8220;section&#8220; _builder_version=&#8220;3.22&#8243;][et_pb_row column_structure=&#8220;1_2,1_2&#8243; padding_mobile=&#8220;off&#8220; column_padding_mobile=&#8220;on&#8220; admin_label=&#8220;row&#8220; _builder_version=&#8220;3.25&#8243; background_size=&#8220;initial&#8220; background_position=&#8220;top_left&#8220; background_repeat=&#8220;repeat&#8220; custom_padding=&#8220;||20px|&#8220; make_fullwidth=&#8220;off&#8220; use_custom_width=&#8220;off&#8220; width_unit=&#8220;on&#8220;][et_pb_column type=&#8220;1_2&#8243; _builder_version=&#8220;3.25&#8243; custom_padding=&#8220;|||&#8220; custom_padding__hover=&#8220;|||&#8220;][et_pb_text admin_label=&#8220;Titelzeile Solist&#8220; _builder_version=&#8220;4.4.3&#8243;]<\/p>\n<h1>Zipperle als Solist<\/h1>\n<p>[\/et_pb_text][et_pb_text _builder_version=&#8220;4.4.3&#8243; text_font_size=&#8220;17px&#8220; custom_margin_tablet=&#8220;&#8220; custom_margin_phone=&#8220;||30px||false|false&#8220; custom_margin_last_edited=&#8220;on|phone&#8220;]<\/p>\n<p>Eine Gitarre alleine kann sowohl einen ganzen Konzertsaal mit ihrem Klang erf\u00fcllen als auch in kleinerem Rahmen eine besondere Atmosph\u00e4re schaffen.<br \/>Neben meinen Eigenkompositionen umfasst mein Repertoire alle Klassiker der Gitarrenliteratur. Es ist mir ein Anliegen, den Zuh\u00f6rern die Vielfalt der Klangfarben und Ausdruckm\u00f6glichkeiten der Gitarre n\u00e4her zu bringen.<\/p>\n<p>[\/et_pb_text][\/et_pb_column][et_pb_column type=&#8220;1_2&#8243; _builder_version=&#8220;3.25&#8243; custom_padding=&#8220;|||&#8220; custom_padding__hover=&#8220;|||&#8220;][et_pb_text admin_label=&#8220;Titelzeile Soloist&#8220; _builder_version=&#8220;4.4.3&#8243;]<\/p>\n<h1>Zipperle as a soloist<\/h1>\n<p>[\/et_pb_text][et_pb_text _builder_version=&#8220;4.4.3&#8243; text_font_size=&#8220;17px&#8220;]<\/p>\n<p>A guitar alone can both fill an entire concert hall with its sound and create a special atmosphere on a smaller scale.<br \/>In addition to my own compositions, my repertoire includes all classics of guitar literature. It is important to me to bring the variety of timbres and possibilities of expressions directly to the audience.<\/p>\n<p>[\/et_pb_text][\/et_pb_column][\/et_pb_row][et_pb_row column_structure=&#8220;1_2,1_2&#8243; padding_mobile=&#8220;off&#8220; column_padding_mobile=&#8220;on&#8220; admin_label=&#8220;Zeile&#8220; _builder_version=&#8220;3.25&#8243; background_size=&#8220;initial&#8220; background_position=&#8220;top_left&#8220; background_repeat=&#8220;repeat&#8220; custom_padding=&#8220;60px|||&#8220; make_fullwidth=&#8220;off&#8220; use_custom_width=&#8220;off&#8220; width_unit=&#8220;on&#8220;][et_pb_column type=&#8220;1_2&#8243; _builder_version=&#8220;3.25&#8243; custom_padding=&#8220;|||&#8220; custom_padding__hover=&#8220;|||&#8220;][et_pb_video src=&#8220;https:\/\/www.youtube.com\/watch?v=2yTi8WAolZI&#8220; admin_label=&#8220;Video&#8220; _builder_version=&#8220;4.4.3&#8243;] [\/et_pb_video][et_pb_cta admin_label=&#8220;Beschreibung Video&#8220; _builder_version=&#8220;4.4.3&#8243; use_background_color=&#8220;off&#8220; background_size=&#8220;initial&#8220; background_position=&#8220;top_left&#8220; background_repeat=&#8220;repeat&#8220; text_orientation=&#8220;left&#8220; background_layout=&#8220;light&#8220; use_border_color=&#8220;off&#8220; border_color=&#8220;#ffffff&#8220; border_style=&#8220;solid&#8220; button_letter_spacing_hover=&#8220;0&#8243; button_text_size__hover_enabled=&#8220;off&#8220; button_one_text_size__hover_enabled=&#8220;off&#8220; button_two_text_size__hover_enabled=&#8220;off&#8220; button_text_color__hover_enabled=&#8220;off&#8220; button_one_text_color__hover_enabled=&#8220;off&#8220; button_two_text_color__hover_enabled=&#8220;off&#8220; button_border_width__hover_enabled=&#8220;off&#8220; button_one_border_width__hover_enabled=&#8220;off&#8220; button_two_border_width__hover_enabled=&#8220;off&#8220; button_border_color__hover_enabled=&#8220;off&#8220; button_one_border_color__hover_enabled=&#8220;off&#8220; button_two_border_color__hover_enabled=&#8220;off&#8220; button_border_radius__hover_enabled=&#8220;off&#8220; button_one_border_radius__hover_enabled=&#8220;off&#8220; button_two_border_radius__hover_enabled=&#8220;off&#8220; button_letter_spacing__hover_enabled=&#8220;on&#8220; button_letter_spacing__hover=&#8220;0&#8243; button_one_letter_spacing__hover_enabled=&#8220;off&#8220; button_two_letter_spacing__hover_enabled=&#8220;off&#8220; button_bg_color__hover_enabled=&#8220;off&#8220; button_one_bg_color__hover_enabled=&#8220;off&#8220; button_two_bg_color__hover_enabled=&#8220;off&#8220;]<\/p>\n<p><strong>Konzert in Zug, 03.03.2023<\/strong><\/p>\n<p>[\/et_pb_cta][et_pb_video src=&#8220;https:\/\/www.youtube.com\/watch?v=iLqhEdpgzI8&#8243; admin_label=&#8220;Video&#8220; _builder_version=&#8220;4.4.3&#8243; hover_enabled=&#8220;0&#8243;] [\/et_pb_video][et_pb_cta title=&#8220;DAVID ZIPPERLE&#8220; admin_label=&#8220;Beschreibung Video&#8220; _builder_version=&#8220;4.4.3&#8243; use_background_color=&#8220;off&#8220; background_size=&#8220;initial&#8220; background_position=&#8220;top_left&#8220; background_repeat=&#8220;repeat&#8220; text_orientation=&#8220;left&#8220; background_layout=&#8220;light&#8220; use_border_color=&#8220;off&#8220; border_color=&#8220;#ffffff&#8220; border_style=&#8220;solid&#8220; button_letter_spacing_hover=&#8220;0&#8243; button_text_size__hover_enabled=&#8220;off&#8220; button_one_text_size__hover_enabled=&#8220;off&#8220; button_two_text_size__hover_enabled=&#8220;off&#8220; button_text_color__hover_enabled=&#8220;off&#8220; button_one_text_color__hover_enabled=&#8220;off&#8220; button_two_text_color__hover_enabled=&#8220;off&#8220; button_border_width__hover_enabled=&#8220;off&#8220; button_one_border_width__hover_enabled=&#8220;off&#8220; button_two_border_width__hover_enabled=&#8220;off&#8220; button_border_color__hover_enabled=&#8220;off&#8220; button_one_border_color__hover_enabled=&#8220;off&#8220; button_two_border_color__hover_enabled=&#8220;off&#8220; button_border_radius__hover_enabled=&#8220;off&#8220; button_one_border_radius__hover_enabled=&#8220;off&#8220; button_two_border_radius__hover_enabled=&#8220;off&#8220; button_letter_spacing__hover_enabled=&#8220;on&#8220; button_letter_spacing__hover=&#8220;0&#8243; button_one_letter_spacing__hover_enabled=&#8220;off&#8220; button_two_letter_spacing__hover_enabled=&#8220;off&#8220; button_bg_color__hover_enabled=&#8220;off&#8220; button_one_bg_color__hover_enabled=&#8220;off&#8220; button_two_bg_color__hover_enabled=&#8220;off&#8220;]<\/p>\n<p><strong>Fuoco Mistico<br \/><\/strong><\/p>\n<p>Homerecording<br \/>23.05.2020<\/p>\n<p>&nbsp;<\/p>\n<p>[\/et_pb_cta][et_pb_video src=&#8220;https:\/\/www.youtube.com\/watch?v=T8F5r54E-28&#8243; admin_label=&#8220;Video&#8220; _builder_version=&#8220;4.4.3&#8243; hover_enabled=&#8220;0&#8243;] [\/et_pb_video][et_pb_cta title=&#8220;DAVID ZIPPERLE&#8220; admin_label=&#8220;Beschreibung Video&#8220; _builder_version=&#8220;3.16&#8243; use_background_color=&#8220;off&#8220; background_size=&#8220;initial&#8220; background_position=&#8220;top_left&#8220; background_repeat=&#8220;repeat&#8220; text_orientation=&#8220;left&#8220; background_layout=&#8220;light&#8220; use_border_color=&#8220;off&#8220; border_color=&#8220;#ffffff&#8220; border_style=&#8220;solid&#8220; button_letter_spacing_hover=&#8220;0&#8243; button_text_size__hover_enabled=&#8220;off&#8220; button_one_text_size__hover_enabled=&#8220;off&#8220; button_two_text_size__hover_enabled=&#8220;off&#8220; button_text_color__hover_enabled=&#8220;off&#8220; button_one_text_color__hover_enabled=&#8220;off&#8220; button_two_text_color__hover_enabled=&#8220;off&#8220; button_border_width__hover_enabled=&#8220;off&#8220; button_one_border_width__hover_enabled=&#8220;off&#8220; button_two_border_width__hover_enabled=&#8220;off&#8220; button_border_color__hover_enabled=&#8220;off&#8220; button_one_border_color__hover_enabled=&#8220;off&#8220; button_two_border_color__hover_enabled=&#8220;off&#8220; button_border_radius__hover_enabled=&#8220;off&#8220; button_one_border_radius__hover_enabled=&#8220;off&#8220; button_two_border_radius__hover_enabled=&#8220;off&#8220; button_letter_spacing__hover_enabled=&#8220;on&#8220; button_letter_spacing__hover=&#8220;0&#8243; button_one_letter_spacing__hover_enabled=&#8220;off&#8220; button_two_letter_spacing__hover_enabled=&#8220;off&#8220; button_bg_color__hover_enabled=&#8220;off&#8220; button_one_bg_color__hover_enabled=&#8220;off&#8220; button_two_bg_color__hover_enabled=&#8220;off&#8220;]<strong>S\u00fcdtiroler Variationen<br \/>\n<\/strong><\/p>\n<p>Live in Wilderswil (Switzerland)<br \/>\n22.03.2009<\/p>\n<p>&nbsp;<br \/>\n[\/et_pb_cta][\/et_pb_column][et_pb_column type=&#8220;1_2&#8243; _builder_version=&#8220;3.25&#8243; custom_padding=&#8220;|||&#8220; custom_padding__hover=&#8220;|||&#8220;][et_pb_video admin_label=&#8220;Video&#8220; _builder_version=&#8220;4.4.3&#8243; hover_enabled=&#8220;0&#8243; src__hover_enabled=&#8220;on|hover&#8220; thumbnail_overlay_color=&#8220;rgba(0,0,0,0.6)&#8220;] [\/et_pb_video][et_pb_cta title=&#8220;CARLO DOMENICONI&#8220; admin_label=&#8220;Beschreibung Video&#8220; _builder_version=&#8220;4.4.3&#8243; use_background_color=&#8220;off&#8220; background_size=&#8220;initial&#8220; background_position=&#8220;top_left&#8220; background_repeat=&#8220;repeat&#8220; text_orientation=&#8220;left&#8220; background_layout=&#8220;light&#8220; hover_enabled=&#8220;0&#8243; use_border_color=&#8220;off&#8220; border_color=&#8220;#ffffff&#8220; border_style=&#8220;solid&#8220; button_letter_spacing_hover=&#8220;0&#8243; button_text_size__hover_enabled=&#8220;off&#8220; button_one_text_size__hover_enabled=&#8220;off&#8220; button_two_text_size__hover_enabled=&#8220;off&#8220; button_text_color__hover_enabled=&#8220;off&#8220; button_one_text_color__hover_enabled=&#8220;off&#8220; button_two_text_color__hover_enabled=&#8220;off&#8220; button_border_width__hover_enabled=&#8220;off&#8220; button_one_border_width__hover_enabled=&#8220;off&#8220; button_two_border_width__hover_enabled=&#8220;off&#8220; button_border_color__hover_enabled=&#8220;off&#8220; button_one_border_color__hover_enabled=&#8220;off&#8220; button_two_border_color__hover_enabled=&#8220;off&#8220; button_border_radius__hover_enabled=&#8220;off&#8220; button_one_border_radius__hover_enabled=&#8220;off&#8220; button_two_border_radius__hover_enabled=&#8220;off&#8220; button_letter_spacing__hover_enabled=&#8220;on&#8220; button_letter_spacing__hover=&#8220;0&#8243; button_one_letter_spacing__hover_enabled=&#8220;off&#8220; button_two_letter_spacing__hover_enabled=&#8220;off&#8220; button_bg_color__hover_enabled=&#8220;off&#8220; button_one_bg_color__hover_enabled=&#8220;off&#8220; button_two_bg_color__hover_enabled=&#8220;off&#8220;]<\/p>\n<p><iframe loading=\"lazy\" title=\"David Zipperle plays Koyunbaba by Carlo Domeniconi\" width=\"1080\" height=\"608\" src=\"https:\/\/www.youtube.com\/embed\/pWdHXXv54ro?feature=oembed\" frameborder=\"0\" allow=\"accelerometer; autoplay; clipboard-write; encrypted-media; gyroscope; picture-in-picture; web-share\" referrerpolicy=\"strict-origin-when-cross-origin\" allowfullscreen><\/iframe><\/p>\n<p><strong>Koyunbaba Op. 19 <br \/><\/strong><\/p>\n<p>Live in Cham, Ref. Kirche<br \/>01.09.2024<\/p>\n<p>&nbsp;<\/p>\n<p>[\/et_pb_cta][et_pb_video src=&#8220;https:\/\/www.youtube.com\/watch?v=yYWd3F6WgTk&#8220; admin_label=&#8220;Video&#8220; _builder_version=&#8220;4.4.3&#8243; hover_enabled=&#8220;0&#8243;] [\/et_pb_video][et_pb_cta title=&#8220;DAVID ZIPPERLE&#8220; admin_label=&#8220;Beschreibung Video&#8220; _builder_version=&#8220;3.16&#8243; use_background_color=&#8220;off&#8220; background_size=&#8220;initial&#8220; background_position=&#8220;top_left&#8220; background_repeat=&#8220;repeat&#8220; text_orientation=&#8220;left&#8220; background_layout=&#8220;light&#8220; use_border_color=&#8220;off&#8220; border_color=&#8220;#ffffff&#8220; border_style=&#8220;solid&#8220; button_letter_spacing_hover=&#8220;0&#8243; button_text_size__hover_enabled=&#8220;off&#8220; button_one_text_size__hover_enabled=&#8220;off&#8220; button_two_text_size__hover_enabled=&#8220;off&#8220; button_text_color__hover_enabled=&#8220;off&#8220; button_one_text_color__hover_enabled=&#8220;off&#8220; button_two_text_color__hover_enabled=&#8220;off&#8220; button_border_width__hover_enabled=&#8220;off&#8220; button_one_border_width__hover_enabled=&#8220;off&#8220; button_two_border_width__hover_enabled=&#8220;off&#8220; button_border_color__hover_enabled=&#8220;off&#8220; button_one_border_color__hover_enabled=&#8220;off&#8220; button_two_border_color__hover_enabled=&#8220;off&#8220; button_border_radius__hover_enabled=&#8220;off&#8220; button_one_border_radius__hover_enabled=&#8220;off&#8220; button_two_border_radius__hover_enabled=&#8220;off&#8220; button_letter_spacing__hover_enabled=&#8220;on&#8220; button_letter_spacing__hover=&#8220;0&#8243; button_one_letter_spacing__hover_enabled=&#8220;off&#8220; button_two_letter_spacing__hover_enabled=&#8220;off&#8220; button_bg_color__hover_enabled=&#8220;off&#8220; button_one_bg_color__hover_enabled=&#8220;off&#8220; button_two_bg_color__hover_enabled=&#8220;off&#8220;]<strong>Danza Superba<br \/>\n<\/strong><\/p>\n<p>Live in Saluzzo (Italy)<br \/>\n25.08.2013<\/p>\n<p>&nbsp;<br \/>\n[\/et_pb_cta][\/et_pb_column][\/et_pb_row][et_pb_row column_structure=&#8220;1_3,1_3,1_3&#8243; padding_mobile=&#8220;off&#8220; column_padding_mobile=&#8220;on&#8220; admin_label=&#8220;Zeile&#8220; _builder_version=&#8220;3.25&#8243; background_size=&#8220;initial&#8220; background_position=&#8220;top_left&#8220; background_repeat=&#8220;repeat&#8220; make_fullwidth=&#8220;off&#8220; use_custom_width=&#8220;off&#8220; width_unit=&#8220;on&#8220;][et_pb_column type=&#8220;1_3&#8243; _builder_version=&#8220;3.25&#8243; custom_padding=&#8220;|||&#8220; custom_padding__hover=&#8220;|||&#8220;][et_pb_audio audio=&#8220;https:\/\/davidzipperle.com\/wp-content\/uploads\/2020\/05\/1-Farkas-Magyar-t\u00e1nc.wav&#8220; title=&#8220;Magyar t\u00e1nc&#8220; artist_name=&#8220;Ferenc Farkas&#8220; album_name=&#8220;gespielt von David Zipperle&#8220; admin_label=&#8220;Jazzy &#8220; _builder_version=&#8220;4.4.3&#8243; title_text_color=&#8220;#ffffff&#8220; background_size=&#8220;initial&#8220; background_position=&#8220;top_left&#8220; background_repeat=&#8220;repeat&#8220; use_border_color=&#8220;off&#8220; border_color=&#8220;#ffffff&#8220; border_style=&#8220;solid&#8220;] [\/et_pb_audio][et_pb_audio audio=&#8220;https:\/\/davidzipperle.com\/wp-content\/uploads\/2016\/10\/Farkas-Preambolo.wav&#8220; title=&#8220;Preambolo&#8220; artist_name=&#8220;Ferenc Farkas&#8220; album_name=&#8220;gespielt von David Zipperle&#8220; admin_label=&#8220;Jazzy &#8220; _builder_version=&#8220;4.4.3&#8243; title_text_color=&#8220;#ffffff&#8220; background_size=&#8220;initial&#8220; background_position=&#8220;top_left&#8220; background_repeat=&#8220;repeat&#8220; use_border_color=&#8220;off&#8220; border_color=&#8220;#ffffff&#8220; border_style=&#8220;solid&#8220;] [\/et_pb_audio][\/et_pb_column][et_pb_column type=&#8220;1_3&#8243; _builder_version=&#8220;3.25&#8243; custom_padding=&#8220;|||&#8220; custom_padding__hover=&#8220;|||&#8220;][et_pb_audio audio=&#8220;https:\/\/davidzipperle.com\/wp-content\/uploads\/2016\/10\/Naechster-Halt-Basel.wav&#8220; title=&#8220;N\u00e4chster Halt Basel&#8220; artist_name=&#8220;David Zipperle&#8220; album_name=&#8220;gespielt von David Zipperle&#8220; admin_label=&#8220;Jazzy &#8220; _builder_version=&#8220;4.4.3&#8243; title_text_color=&#8220;#ffffff&#8220; background_size=&#8220;initial&#8220; background_position=&#8220;top_left&#8220; background_repeat=&#8220;repeat&#8220; use_border_color=&#8220;off&#8220; border_color=&#8220;#ffffff&#8220; border_style=&#8220;solid&#8220;] [\/et_pb_audio][et_pb_audio audio=&#8220;https:\/\/davidzipperle.com\/wp-content\/uploads\/2020\/05\/13-Sonata-Zingara-I.-Fuoco-Mistico.wav&#8220; title=&#8220;Fuoco Mistico&#8220; artist_name=&#8220;David Zipperle&#8220; album_name=&#8220;gespielt von David Zipperle&#8220; admin_label=&#8220;Jazzy &#8220; _builder_version=&#8220;4.4.3&#8243; title_text_color=&#8220;#ffffff&#8220; background_size=&#8220;initial&#8220; background_position=&#8220;top_left&#8220; background_repeat=&#8220;repeat&#8220; use_border_color=&#8220;off&#8220; border_color=&#8220;#ffffff&#8220; border_style=&#8220;solid&#8220;] [\/et_pb_audio][\/et_pb_column][et_pb_column type=&#8220;1_3&#8243; _builder_version=&#8220;3.25&#8243; custom_padding=&#8220;|||&#8220; custom_padding__hover=&#8220;|||&#8220;][et_pb_audio audio=&#8220;https:\/\/davidzipperle.com\/wp-content\/uploads\/2016\/10\/Fantaisie-Hongroise.mp3&#8243; title=&#8220;Fantaisie Hongroise&#8220; artist_name=&#8220;Johann Kaspar Mertz&#8220; album_name=&#8220;gespielt von David Zipperle&#8220; admin_label=&#8220;Jazzy &#8220; _builder_version=&#8220;4.4.3&#8243; title_text_color=&#8220;#ffffff&#8220; background_size=&#8220;initial&#8220; background_position=&#8220;top_left&#8220; background_repeat=&#8220;repeat&#8220; use_border_color=&#8220;off&#8220; border_color=&#8220;#ffffff&#8220; border_style=&#8220;solid&#8220;] [\/et_pb_audio][et_pb_audio audio=&#8220;https:\/\/davidzipperle.com\/wp-content\/uploads\/2020\/05\/12-Lovesong.wav&#8220; title=&#8220;Lovesong&#8220; artist_name=&#8220;David Zipperle&#8220; album_name=&#8220;gespielt von David Zipperle&#8220; admin_label=&#8220;Jazzy &#8220; _builder_version=&#8220;4.4.3&#8243; title_text_color=&#8220;#ffffff&#8220; background_size=&#8220;initial&#8220; background_position=&#8220;top_left&#8220; background_repeat=&#8220;repeat&#8220; use_border_color=&#8220;off&#8220; border_color=&#8220;#ffffff&#8220; border_style=&#8220;solid&#8220;] [\/et_pb_audio][\/et_pb_column][\/et_pb_row][\/et_pb_section]<\/p>\n","protected":false},"excerpt":{"rendered":"<p>[et_pb_section fb_built=&#8220;1&#8243; custom_padding_last_edited=&#8220;on|desktop&#8220; admin_label=&#8220;section&#8220; _builder_version=&#8220;4.4.3&#8243; background_image=&#8220;https:\/\/davidzipperle.com\/wp-content\/uploads\/2020\/05\/davidavolio.com_00212_bnw-e1589569088675.jpg&#8220; parallax=&#8220;on&#8220; custom_margin=&#8220;||||false|false&#8220; custom_margin_tablet=&#8220;&#8220; custom_margin_phone=&#8220;80px||||false|false&#8220; custom_margin_last_edited=&#8220;on|desktop&#8220; custom_padding=&#8220;400px||400px||false|false&#8220; custom_padding_tablet=&#8220;&#8220; custom_padding_phone=&#8220;80px||100px||false|false&#8220;][et_pb_row column_structure=&#8220;1_2,1_2&#8243; padding_mobile=&#8220;off&#8220; column_padding_mobile=&#8220;on&#8220; admin_label=&#8220;row&#8220; _builder_version=&#8220;3.25&#8243; background_size=&#8220;initial&#8220; background_position=&#8220;top_left&#8220; background_repeat=&#8220;repeat&#8220; custom_padding=&#8220;||20px|&#8220; make_fullwidth=&#8220;off&#8220; use_custom_width=&#8220;off&#8220; width_unit=&#8220;on&#8220;][et_pb_column type=&#8220;1_2&#8243; _builder_version=&#8220;3.25&#8243; custom_padding=&#8220;|||&#8220; custom_padding__hover=&#8220;|||&#8220;][et_pb_text admin_label=&#8220;Platzhalter Paralaxe&#8220; _builder_version=&#8220;4.4.3&#8243;][\/et_pb_text][\/et_pb_column][et_pb_column type=&#8220;1_2&#8243; _builder_version=&#8220;3.25&#8243; custom_padding=&#8220;|||&#8220; custom_padding__hover=&#8220;|||&#8220;][\/et_pb_column][\/et_pb_row][\/et_pb_section][et_pb_section fb_built=&#8220;1&#8243; admin_label=&#8220;section&#8220; _builder_version=&#8220;3.22&#8243;][et_pb_row column_structure=&#8220;1_2,1_2&#8243; padding_mobile=&#8220;off&#8220; column_padding_mobile=&#8220;on&#8220; admin_label=&#8220;row&#8220; _builder_version=&#8220;3.25&#8243; background_size=&#8220;initial&#8220; background_position=&#8220;top_left&#8220; background_repeat=&#8220;repeat&#8220; custom_padding=&#8220;||20px|&#8220; make_fullwidth=&#8220;off&#8220; use_custom_width=&#8220;off&#8220; width_unit=&#8220;on&#8220;][et_pb_column type=&#8220;1_2&#8243; _builder_version=&#8220;3.25&#8243; custom_padding=&#8220;|||&#8220; [&hellip;]<\/p>\n","protected":false},"author":1,"featured_media":0,"parent":0,"menu_order":0,"comment_status":"closed","ping_status":"closed","template":"","meta":{"_et_pb_use_builder":"on","_et_pb_old_content":"","_et_gb_content_width":"","footnotes":""},"class_list":["post-1184","page","type-page","status-publish","hentry"],"_links":{"self":[{"href":"https:\/\/davidzipperle.com\/index.php?rest_route=\/wp\/v2\/pages\/1184","targetHints":{"allow":["GET"]}}],"collection":[{"href":"https:\/\/davidzipperle.com\/index.php?rest_route=\/wp\/v2\/pages"}],"about":[{"href":"https:\/\/davidzipperle.com\/index.php?rest_route=\/wp\/v2\/types\/page"}],"author":[{"embeddable":true,"href":"https:\/\/davidzipperle.com\/index.php?rest_route=\/wp\/v2\/users\/1"}],"replies":[{"embeddable":true,"href":"https:\/\/davidzipperle.com\/index.php?rest_route=%2Fwp%2Fv2%2Fcomments&post=1184"}],"version-history":[{"count":107,"href":"https:\/\/davidzipperle.com\/index.php?rest_route=\/wp\/v2\/pages\/1184\/revisions"}],"predecessor-version":[{"id":2957,"href":"https:\/\/davidzipperle.com\/index.php?rest_route=\/wp\/v2\/pages\/1184\/revisions\/2957"}],"wp:attachment":[{"href":"https:\/\/davidzipperle.com\/index.php?rest_route=%2Fwp%2Fv2%2Fmedia&parent=1184"}],"curies":[{"name":"wp","href":"https:\/\/api.w.org\/{rel}","templated":true}]}}