{"id":2071,"date":"2020-05-27T17:27:51","date_gmt":"2020-05-27T17:27:51","guid":{"rendered":"https:\/\/davidzipperle.com\/?page_id=2071"},"modified":"2020-05-27T17:27:53","modified_gmt":"2020-05-27T17:27:53","slug":"impressum-datenschutz","status":"publish","type":"page","link":"https:\/\/davidzipperle.com\/?page_id=2071","title":{"rendered":"Impressum &#8211; Datenschutz"},"content":{"rendered":"<p>[et_pb_section fb_built=&#8220;1&#8243; _builder_version=&#8220;4.4.3&#8243;][et_pb_row _builder_version=&#8220;4.4.3&#8243;][et_pb_column _builder_version=&#8220;4.4.3&#8243; type=&#8220;4_4&#8243;][et_pb_text _builder_version=&#8220;4.4.3&#8243; hover_enabled=&#8220;0&#8243;]<\/p>\n<div class=\"et_pb_text et_pb_module et_pb_bg_layout_light et_pb_text_align_left et_pb_text_0\">\n<div class=\"et_pb_text_inner\">\n<h2>IMPRESSUM<\/h2>\n<p>&nbsp;<\/p>\n<h3>Eigent\u00fcmer:<\/h3>\n<p>David Zipperle<br \/>Neumattstrasse 4<br \/>CH-5737 Menziken<\/p>\n<p>info@davidzipperle.com<\/p>\n<\/div>\n<\/div>\n<p>&nbsp;<\/p>\n<div class=\"et_pb_text et_pb_module et_pb_bg_layout_light et_pb_text_align_left et_pb_text_0\">\n<div class=\"et_pb_text_inner\">\n<h3>Herstellung der Website:<\/h3>\n<p>websitebude GmbH<br \/>5737 Menziken<br \/><a href=\"https:\/\/websitebude.ch\/\" target=\"_blank\" rel=\"noopener noreferrer\">websitebude.ch\u00a0<\/a><\/p>\n<p>&nbsp;<\/p>\n<p>&nbsp;<\/p>\n<\/div>\n<\/div>\n<div class=\"et_pb_text et_pb_module et_pb_bg_layout_light et_pb_text_align_left et_pb_text_1\">\n<div class=\"et_pb_text_inner\">\n<h2>DSGVO<\/h2>\n<p>&nbsp;<\/p>\n<p>Datenschutz<br \/>Die Betreiber dieser Seiten nehmen den Schutz Ihrer pers\u00f6nlichen Daten sehr ernst. Wir behandeln Ihre personenbezogenen Daten vertraulich und entsprechend der gesetzlichen Datenschutzvorschriften sowie dieser Datenschutzerkl\u00e4rung.<br \/>Die Nutzung unserer Website ist in der Regel ohne Angabe personenbezogener Daten m\u00f6glich. Soweit auf unseren Seiten personenbezogene Daten (beispielsweise Name, Anschrift oder E-Mail-Adressen) erhoben werden, erfolgt dies stets auf freiwilliger Basis. Diese Daten werden gem\u00e4ss dieser Datenschutzerkl\u00e4rung nicht an Dritte weitergegeben.<br \/>Wir weisen darauf hin, dass die Daten\u00fcbertragung im Internet (z.B. bei der Kommunikation per E-Mail) Sicherheitsl\u00fccken aufweisen kann. Ein l\u00fcckenloser Schutz der Daten vor dem Zugriff durch Dritte ist nicht m\u00f6glich.<\/p>\n<p>Cookies<br \/>Die Internetseiten verwenden teilweise so genannte Cookies. Cookies richten auf Ihrem Rechner keinen Schaden an und enthalten keine Viren. Cookies dienen dazu, das Angebot nutzerfreundlicher, effektiver und sicherer zu machen. Cookies sind kleine Textdateien, die auf Ihrem Rechner abgelegt werden und die Ihr Browser speichert.<br \/>Die meisten der von uns verwendeten Cookies sind so genannte \u201eSession-Cookies\u201c. Sie werden nach Ende Ihres Besuchs automatisch gel\u00f6scht. Andere Cookies bleiben auf Ihrem Endger\u00e4t gespeichert, bis Sie diese l\u00f6schen. Diese Cookies erm\u00f6glichen es uns, Ihren Browser beim n\u00e4chsten Besuch wiederzuerkennen.<br \/>Sie k\u00f6nnen Ihren Browser so einstellen, dass Sie \u00fcber das Setzen von Cookies informiert werden und Cookies nur im Einzelfall erlauben, die Annahme von Cookies f\u00fcr bestimmte F\u00e4lle oder generell ausschlie\u00dfen sowie das automatische L\u00f6schen der Cookies beim Schlie\u00dfen des Browser aktivieren. Bei der Deaktivierung von Cookies kann die Funktionalit\u00e4t dieser Website eingeschr\u00e4nkt sein.<\/p>\n<p>Hosting Provider &amp; Server-LogFiles<br \/>Der Provider der Website erhebt und speichert automatisch Informationen in so genannten Server-Log Files, die Ihr Browser automatisch an uns \u00fcbermittelt. Dies sind:<br \/>\u2013 IP-Adresse<br \/>\u2013 Browsertyp und Browserversion<br \/>\u2013 verwendetes Betriebssystem<br \/>\u2013 Referrer URL<br \/>\u2013 Hostname des zugreifenden Rechners<br \/>\u2013 Uhrzeit der Serveranfrage<br \/>Diese Daten sind nicht direkt bestimmten Personen zuordenbar. Eine Zusammenf\u00fchrung dieser Daten mit anderen Datenquellen wird nicht vorgenommen. Wir behalten uns vor, diese Daten nachtr\u00e4glich zu pr\u00fcfen, wenn uns konkrete Anhaltspunkte f\u00fcr eine rechtswidrige Nutzung bekannt werden.<br \/>Diese Daten sowie alle Daten dieser Website werden bei unserem Hosting-Provider Webland AG gespeichert, deren Datenschutzerkl\u00e4rung Sie <a href=\"https:\/\/www.webland.ch\/de-ch\/\u00dcber-uns\/Datenschutz\" target=\"_blank\" rel=\"noopener noreferrer\">hier<\/a> finden.<\/p>\n<p>SSL-Verschl\u00fcsselung<br \/>Diese Seite nutzt aus Gr\u00fcnden der Sicherheit und zum Schutz der \u00dcbertragung vertraulicher Inhalte, wie zum Beispiel der Anfragen, die Sie an uns senden, eine SSL-Verschl\u00fcsselung. Eine verschl\u00fcsselte Verbindung erkennen Sie daran, dass die Adresszeile des Browsers von \u201ehttp:\/\/\u201c auf \u201ehttps:\/\/\u201c wechselt und am Schloss-Symbol in Ihrer Browserzeile.<br \/>Wenn die SSL Verschl\u00fcsselung aktiviert ist, k\u00f6nnen die Daten, die Sie an uns \u00fcbermitteln, nicht von Dritten mitgelesen werden.<\/p>\n<p>Kontaktformular<br \/>Wenn Sie uns per Kontaktformular Anfragen zukommen lassen, werden Ihre Angaben aus dem Anfrageformular inklusive der von Ihnen dort angegebenen Kontaktdaten inklusive IP-Adresse zwecks Bearbeitung der Anfrage und f\u00fcr den Fall von Anschlussfragen bei uns gespeichert. Diese Daten geben wir nicht ohne Ihre Einwilligung weiter.<\/p>\n<p>Recht auf Auskunft, L\u00f6schung, Sperrung<br \/>Sie haben jederzeit das Recht auf unentgeltliche Auskunft \u00fcber Ihre gespeicherten personenbezogenen Daten, deren Herkunft und Empf\u00e4nger und den Zweck der Datenverarbeitung sowie ein Recht auf Berichtigung, Sperrung oder L\u00f6schung dieser Daten. Hierzu sowie zu weiteren Fragen zum Thema personenbezogene Daten k\u00f6nnen Sie sich jederzeit unter der im Impressum angegebenen Adresse an uns wenden.<\/p>\n<\/div>\n<\/div>\n<p>[\/et_pb_text][\/et_pb_column][\/et_pb_row][\/et_pb_section]<\/p>\n","protected":false},"excerpt":{"rendered":"<p>[et_pb_section fb_built=&#8220;1&#8243; _builder_version=&#8220;4.4.3&#8243;][et_pb_row _builder_version=&#8220;4.4.3&#8243;][et_pb_column _builder_version=&#8220;4.4.3&#8243; type=&#8220;4_4&#8243;][et_pb_text _builder_version=&#8220;4.4.3&#8243; hover_enabled=&#8220;0&#8243;] IMPRESSUM &nbsp; Eigent\u00fcmer: David ZipperleNeumattstrasse 4CH-5737 Menziken info@davidzipperle.com &nbsp; Herstellung der Website: websitebude GmbH5737 Menzikenwebsitebude.ch\u00a0 &nbsp; &nbsp; DSGVO &nbsp; DatenschutzDie Betreiber dieser Seiten nehmen den Schutz Ihrer pers\u00f6nlichen Daten sehr ernst. Wir behandeln Ihre personenbezogenen Daten vertraulich und entsprechend der gesetzlichen Datenschutzvorschriften sowie dieser Datenschutzerkl\u00e4rung.Die Nutzung unserer [&hellip;]<\/p>\n","protected":false},"author":1,"featured_media":0,"parent":0,"menu_order":0,"comment_status":"closed","ping_status":"closed","template":"","meta":{"_et_pb_use_builder":"on","_et_pb_old_content":"","_et_gb_content_width":"","footnotes":""},"class_list":["post-2071","page","type-page","status-publish","hentry"],"_links":{"self":[{"href":"https:\/\/davidzipperle.com\/index.php?rest_route=\/wp\/v2\/pages\/2071","targetHints":{"allow":["GET"]}}],"collection":[{"href":"https:\/\/davidzipperle.com\/index.php?rest_route=\/wp\/v2\/pages"}],"about":[{"href":"https:\/\/davidzipperle.com\/index.php?rest_route=\/wp\/v2\/types\/page"}],"author":[{"embeddable":true,"href":"https:\/\/davidzipperle.com\/index.php?rest_route=\/wp\/v2\/users\/1"}],"replies":[{"embeddable":true,"href":"https:\/\/davidzipperle.com\/index.php?rest_route=%2Fwp%2Fv2%2Fcomments&post=2071"}],"version-history":[{"count":2,"href":"https:\/\/davidzipperle.com\/index.php?rest_route=\/wp\/v2\/pages\/2071\/revisions"}],"predecessor-version":[{"id":2073,"href":"https:\/\/davidzipperle.com\/index.php?rest_route=\/wp\/v2\/pages\/2071\/revisions\/2073"}],"wp:attachment":[{"href":"https:\/\/davidzipperle.com\/index.php?rest_route=%2Fwp%2Fv2%2Fmedia&parent=2071"}],"curies":[{"name":"wp","href":"https:\/\/api.w.org\/{rel}","templated":true}]}}